{"id":6734,"date":"2018-06-20T11:59:59","date_gmt":"2018-06-20T09:59:59","guid":{"rendered":"https:\/\/www.turismochelva.es\/en-familia\/"},"modified":"2021-06-29T12:05:22","modified_gmt":"2021-06-29T10:05:22","slug":"en-familia","status":"publish","type":"page","link":"https:\/\/www.turismochelva.es\/ca\/en-familia\/","title":{"rendered":"En fam\u00edlia"},"content":{"rendered":"<p>[vc_row full_width=&#8221;stretch_row_content&#8221; content_placement=&#8221;middle&#8221; css=&#8221;.vc_custom_1529403695622{padding-top: 60px !important;padding-bottom: 60px !important;background-color: #e0e0e0 !important;}&#8221;][vc_column]<div class=\"qodef-section-title-holder  qodef-st-standard qodef-st-title-left qodef-st-normal-space  \" style=\"text-align: center\">\n\t<div class=\"qodef-st-inner\">\n\t\t\t\t\t<h1 class=\"qodef-st-title\" >\n\t\t\t\tEn fam\u00edlia\t\t\t<\/h1>\n\t\t\t\t\t<\/div>\n<\/div>[\/vc_column][\/vc_row][vc_row css=&#8221;.vc_custom_1529488926151{margin-bottom: 50px !important;}&#8221;][vc_column]<div class=\"qodef-tours-list-holder qodef-tours-row qodef-tr-tiny-space qodef-tours-columns-4 qodef-tours-type-gallery\">\n\t\t\t\n\t\t\n        <div class=\"qodef-tours-list-holder-inner qodef-tours-row-inner-holder\">\n\t\t\t<div class=\"qodef-tours-list-grid-sizer\"><\/div>\n\t\t\t\t\t<div class=\"qodef-tours-gallery-item qodef-tours-row-item qodef-tour-item-no-rating post-6423 tour-item type-tour-item status-publish has-post-thumbnail hentry tour-category-a-peu tour-category-familiar\">\n\t\t\t<div class=\"qodef-tours-gallery-item-image-holder\">\n\t\t\t<div class=\"qodef-tours-gallery-item-image\">\n\t\t\t\t<img width=\"335\" height=\"445\" src=\"https:\/\/www.turismochelva.es\/wp-content\/uploads\/2018\/03\/lavadero-arrabal-335x445.jpg\" class=\"attachment-getaway_qodef_gallery size-getaway_qodef_gallery\" alt=\"\" loading=\"lazy\" srcset=\"https:\/\/www.turismochelva.es\/wp-content\/uploads\/2018\/03\/lavadero-arrabal-335x445.jpg 335w, https:\/\/www.turismochelva.es\/wp-content\/uploads\/2018\/03\/lavadero-arrabal-225x300.jpg 225w\" sizes=\"(max-width: 335px) 100vw, 335px\" \/>\t\t\t\t\n\t\t\t\t<div class=\"qodef-tours-gallery-item-content-holder\">\n\t\t\t\t\t<div class=\"qodef-tours-gallery-item-content-inner\">\n\t\t\t\t\t\t<div class=\"qodef-tours-gallery-title-holder\">\n\t\t\t\t\t\t\t<h4 class=\"qodef-tour-title\">\n\t\t\t\t\t\t\t\tRuta dels Safaretjos\t\t\t\t\t\t\t<\/h4>\n\t\t\t\t\t\t\t<span class=\"qodef-tours-gallery-item-price-holder\">\n\t\t\t\t\t\t\t\n\t\t<span class=\"qodef-tours-price-holder\">\n\t\t\t\t\t\t\t\t<\/span>\n\n\t\t\t\t\t\t\t\t<\/span>\n\t\t\t\t\t\t<\/div>\n\t\t\t\t\t\t\t\t\t\t\t\t\t<div class=\"qodef-tours-gallery-item-excerpt\">\n\t\t\t\t\t\t\t\t<div class=\"qodef-tours-gallery-item-excerpt-inner\">\n\t\t\t\t\t\t\t\t\tA Xelva es conserven en l'actualitat set safaretjos, la majoria d'ells encara en \u00fas.\t\t\t\t\t\t\t\t<\/div>\n\t\t\t\t\t\t\t<\/div>\n\t\t\t\t\t\t\t\t\t\t\t<\/div>\n\t\t\t\t<\/div>\n\t\t\t<\/div>\n\t\t\t\t\t\t<a class=\"qodef-tours-gallery-item-link\" href=\"https:\/\/www.turismochelva.es\/ca\/quehacer\/ruta-de-los-lavaderos\/\"><\/a>\n\t\t<\/div>\n\t<\/div>\t\t<div class=\"qodef-tours-gallery-item qodef-tours-row-item qodef-tour-item-no-rating post-6427 tour-item type-tour-item status-publish has-post-thumbnail hentry tour-category-a-peu tour-category-familiar\">\n\t\t\t<div class=\"qodef-tours-gallery-item-image-holder\">\n\t\t\t<div class=\"qodef-tours-gallery-item-image\">\n\t\t\t\t<img width=\"335\" height=\"445\" src=\"https:\/\/www.turismochelva.es\/wp-content\/uploads\/2018\/04\/santuario-remedio-destacat-335x445.jpg\" class=\"attachment-getaway_qodef_gallery size-getaway_qodef_gallery\" alt=\"\" loading=\"lazy\" srcset=\"https:\/\/www.turismochelva.es\/wp-content\/uploads\/2018\/04\/santuario-remedio-destacat-335x445.jpg 335w, https:\/\/www.turismochelva.es\/wp-content\/uploads\/2018\/04\/santuario-remedio-destacat-600x799.jpg 600w, https:\/\/www.turismochelva.es\/wp-content\/uploads\/2018\/04\/santuario-remedio-destacat-225x300.jpg 225w, https:\/\/www.turismochelva.es\/wp-content\/uploads\/2018\/04\/santuario-remedio-destacat.jpg 638w\" sizes=\"(max-width: 335px) 100vw, 335px\" \/>\t\t\t\t\n\t\t\t\t<div class=\"qodef-tours-gallery-item-content-holder\">\n\t\t\t\t\t<div class=\"qodef-tours-gallery-item-content-inner\">\n\t\t\t\t\t\t<div class=\"qodef-tours-gallery-title-holder\">\n\t\t\t\t\t\t\t<h4 class=\"qodef-tour-title\">\n\t\t\t\t\t\t\t\tXelva &#8211; Remei &#8211; R. Alcotas\t\t\t\t\t\t\t<\/h4>\n\t\t\t\t\t\t\t<span class=\"qodef-tours-gallery-item-price-holder\">\n\t\t\t\t\t\t\t\n\t\t<span class=\"qodef-tours-price-holder\">\n\t\t\t\t\t\t\t\t<\/span>\n\n\t\t\t\t\t\t\t\t<\/span>\n\t\t\t\t\t\t<\/div>\n\t\t\t\t\t\t\t\t\t\t\t\t\t<div class=\"qodef-tours-gallery-item-excerpt\">\n\t\t\t\t\t\t\t\t<div class=\"qodef-tours-gallery-item-excerpt-inner\">\n\t\t\t\t\t\t\t\t\tEl xicotet recorregut 91, senyalitzat amb els colors blanc i groc, ens condueix des de Xelva fins a una de les majors altures de la zona, el Pic del Remei (1.054 m), travessant un dels boscos m\u00e9s densos de la comarca, la Rambla d'Alcotas, de gran importancia geol\u00f2gica.\t\t\t\t\t\t\t\t<\/div>\n\t\t\t\t\t\t\t<\/div>\n\t\t\t\t\t\t\t\t\t\t\t<\/div>\n\t\t\t\t<\/div>\n\t\t\t<\/div>\n\t\t\t\t\t\t\t<span class=\"qodef-tours-item-label-holder\">\n\t\t\t\t\t\n\t\t<span class=\"qodef-tour-item-label-inner\">\n\t\t\t<span class=\"qodef-tour-item-label\">PR-CV 91<\/span>\n\t\t<\/span>\n\n\t\t\t\t\t\t<\/span>\n\t\t\t\t\t\t<a class=\"qodef-tours-gallery-item-link\" href=\"https:\/\/www.turismochelva.es\/ca\/quehacer\/pr-cv-91\/\"><\/a>\n\t\t<\/div>\n\t<\/div>\t\t<div class=\"qodef-tours-gallery-item qodef-tours-row-item qodef-tour-item-no-rating post-6455 tour-item type-tour-item status-publish has-post-thumbnail hentry tour-category-a-peu tour-category-familiar\">\n\t\t\t<div class=\"qodef-tours-gallery-item-image-holder\">\n\t\t\t<div class=\"qodef-tours-gallery-item-image\">\n\t\t\t\t<img width=\"335\" height=\"445\" src=\"https:\/\/www.turismochelva.es\/wp-content\/uploads\/2018\/05\/penya-cortada-destacat-335x445.jpg\" class=\"attachment-getaway_qodef_gallery size-getaway_qodef_gallery\" alt=\"\" loading=\"lazy\" srcset=\"https:\/\/www.turismochelva.es\/wp-content\/uploads\/2018\/05\/penya-cortada-destacat-335x445.jpg 335w, https:\/\/www.turismochelva.es\/wp-content\/uploads\/2018\/05\/penya-cortada-destacat-600x799.jpg 600w, https:\/\/www.turismochelva.es\/wp-content\/uploads\/2018\/05\/penya-cortada-destacat-225x300.jpg 225w, https:\/\/www.turismochelva.es\/wp-content\/uploads\/2018\/05\/penya-cortada-destacat.jpg 638w\" sizes=\"(max-width: 335px) 100vw, 335px\" \/>\t\t\t\t\n\t\t\t\t<div class=\"qodef-tours-gallery-item-content-holder\">\n\t\t\t\t\t<div class=\"qodef-tours-gallery-item-content-inner\">\n\t\t\t\t\t\t<div class=\"qodef-tours-gallery-title-holder\">\n\t\t\t\t\t\t\t<h4 class=\"qodef-tour-title\">\n\t\t\t\t\t\t\t\tPenya Tallada\t\t\t\t\t\t\t<\/h4>\n\t\t\t\t\t\t\t<span class=\"qodef-tours-gallery-item-price-holder\">\n\t\t\t\t\t\t\t\n\t\t<span class=\"qodef-tours-price-holder\">\n\t\t\t\t\t\t\t\t<\/span>\n\n\t\t\t\t\t\t\t\t<\/span>\n\t\t\t\t\t\t<\/div>\n\t\t\t\t\t\t\t\t\t\t\t\t\t<div class=\"qodef-tours-gallery-item-excerpt\">\n\t\t\t\t\t\t\t\t<div class=\"qodef-tours-gallery-item-excerpt-inner\">\n\t\t\t\t\t\t\t\t\tRecorrent aquest sender passarem pels termes municipals de Xelva i Calles i podrem admirar de prop una de les obres d'enginyeria hidr\u00e1ulica m\u00e9s grandiosa de la Comunitat Valenciana: l'aq\u00fceducte de Penya Tallada.\t\t\t\t\t\t\t\t<\/div>\n\t\t\t\t\t\t\t<\/div>\n\t\t\t\t\t\t\t\t\t\t\t<\/div>\n\t\t\t\t<\/div>\n\t\t\t<\/div>\n\t\t\t\t\t\t\t<span class=\"qodef-tours-item-label-holder\">\n\t\t\t\t\t\n\t\t<span class=\"qodef-tour-item-label-inner\">\n\t\t\t<span class=\"qodef-tour-item-label\">PR-CV 92<\/span>\n\t\t<\/span>\n\n\t\t\t\t\t\t<\/span>\n\t\t\t\t\t\t<a class=\"qodef-tours-gallery-item-link\" href=\"https:\/\/www.turismochelva.es\/ca\/quehacer\/chelva-pena-cortada-calles\/\"><\/a>\n\t\t<\/div>\n\t<\/div>\t\t<div class=\"qodef-tours-gallery-item qodef-tours-row-item qodef-tour-item-no-rating post-6459 tour-item type-tour-item status-publish has-post-thumbnail hentry tour-category-a-peu tour-category-familiar\">\n\t\t\t<div class=\"qodef-tours-gallery-item-image-holder\">\n\t\t\t<div class=\"qodef-tours-gallery-item-image\">\n\t\t\t\t<img width=\"335\" height=\"445\" src=\"https:\/\/www.turismochelva.es\/wp-content\/uploads\/2018\/03\/puente-de-la-Mozaira-1-335x445.jpg\" class=\"attachment-getaway_qodef_gallery size-getaway_qodef_gallery\" alt=\"\" loading=\"lazy\" srcset=\"https:\/\/www.turismochelva.es\/wp-content\/uploads\/2018\/03\/puente-de-la-Mozaira-1-335x445.jpg 335w, https:\/\/www.turismochelva.es\/wp-content\/uploads\/2018\/03\/puente-de-la-Mozaira-1-225x300.jpg 225w\" sizes=\"(max-width: 335px) 100vw, 335px\" \/>\t\t\t\t\n\t\t\t\t<div class=\"qodef-tours-gallery-item-content-holder\">\n\t\t\t\t\t<div class=\"qodef-tours-gallery-item-content-inner\">\n\t\t\t\t\t\t<div class=\"qodef-tours-gallery-title-holder\">\n\t\t\t\t\t\t\t<h4 class=\"qodef-tour-title\">\n\t\t\t\t\t\t\t\tLa Mozaira\t\t\t\t\t\t\t<\/h4>\n\t\t\t\t\t\t\t<span class=\"qodef-tours-gallery-item-price-holder\">\n\t\t\t\t\t\t\t\n\t\t<span class=\"qodef-tours-price-holder\">\n\t\t\t\t\t\t\t\t<\/span>\n\n\t\t\t\t\t\t\t\t<\/span>\n\t\t\t\t\t\t<\/div>\n\t\t\t\t\t\t\t\t\t\t\t\t\t<div class=\"qodef-tours-gallery-item-excerpt\">\n\t\t\t\t\t\t\t\t<div class=\"qodef-tours-gallery-item-excerpt-inner\">\n\t\t\t\t\t\t\t\t\tAquest sender de xicotet recorregut, marcat amb els colors groc i blanc, discorre entre els termes de Xelva i Tu\u00e9jar, travessant les dues poblacions i els meravellosos paisatges que el riu Xelva va deixant en el seu fluir entre elles.\t\t\t\t\t\t\t\t<\/div>\n\t\t\t\t\t\t\t<\/div>\n\t\t\t\t\t\t\t\t\t\t\t<\/div>\n\t\t\t\t<\/div>\n\t\t\t<\/div>\n\t\t\t\t\t\t\t<span class=\"qodef-tours-item-label-holder\">\n\t\t\t\t\t\n\t\t<span class=\"qodef-tour-item-label-inner\">\n\t\t\t<span class=\"qodef-tour-item-label\">PR-CV 93<\/span>\n\t\t<\/span>\n\n\t\t\t\t\t\t<\/span>\n\t\t\t\t\t\t<a class=\"qodef-tours-gallery-item-link\" href=\"https:\/\/www.turismochelva.es\/ca\/quehacer\/prv-93-la-mozaira\/\"><\/a>\n\t\t<\/div>\n\t<\/div>\t\t<div class=\"qodef-tours-gallery-item qodef-tours-row-item qodef-tour-item-no-rating post-6467 tour-item type-tour-item status-publish has-post-thumbnail hentry tour-category-familiar\">\n\t\t\t<div class=\"qodef-tours-gallery-item-image-holder\">\n\t\t\t<div class=\"qodef-tours-gallery-item-image\">\n\t\t\t\t<img width=\"335\" height=\"445\" src=\"https:\/\/www.turismochelva.es\/wp-content\/uploads\/2018\/06\/circuito-btt-destacat-335x445.jpg\" class=\"attachment-getaway_qodef_gallery size-getaway_qodef_gallery\" alt=\"\" loading=\"lazy\" \/>\t\t\t\t\n\t\t\t\t<div class=\"qodef-tours-gallery-item-content-holder\">\n\t\t\t\t\t<div class=\"qodef-tours-gallery-item-content-inner\">\n\t\t\t\t\t\t<div class=\"qodef-tours-gallery-title-holder\">\n\t\t\t\t\t\t\t<h4 class=\"qodef-tour-title\">\n\t\t\t\t\t\t\t\tCircuit infantil BTT\t\t\t\t\t\t\t<\/h4>\n\t\t\t\t\t\t\t<span class=\"qodef-tours-gallery-item-price-holder\">\n\t\t\t\t\t\t\t\n\t\t<span class=\"qodef-tours-price-holder\">\n\t\t\t\t\t\t\t\t<\/span>\n\n\t\t\t\t\t\t\t\t<\/span>\n\t\t\t\t\t\t<\/div>\n\t\t\t\t\t\t\t\t\t\t\t\t\t<div class=\"qodef-tours-gallery-item-excerpt\">\n\t\t\t\t\t\t\t\t<div class=\"qodef-tours-gallery-item-excerpt-inner\">\n\t\t\t\t\t\t\t\t\tUn circuit situat en l'antic para forestal, \u00e9s un tra\u00e7at d'unos 400 metres ple d'obstacles adaptats per a que xiquets i xiquetes puguen divertir-se a la vegada que van adquirint destresa damunt la bici.\t\t\t\t\t\t\t\t<\/div>\n\t\t\t\t\t\t\t<\/div>\n\t\t\t\t\t\t\t\t\t\t\t<\/div>\n\t\t\t\t<\/div>\n\t\t\t<\/div>\n\t\t\t\t\t\t<a class=\"qodef-tours-gallery-item-link\" href=\"https:\/\/www.turismochelva.es\/ca\/quehacer\/circuito-infantil-btt\/\"><\/a>\n\t\t<\/div>\n\t<\/div>\t\t<div class=\"qodef-tours-gallery-item qodef-tours-row-item qodef-tour-item-no-rating post-6380 tour-item type-tour-item status-publish has-post-thumbnail hentry tour-category-a-peu tour-category-familiar\">\n\t\t\t<div class=\"qodef-tours-gallery-item-image-holder\">\n\t\t\t<div class=\"qodef-tours-gallery-item-image\">\n\t\t\t\t<img width=\"335\" height=\"445\" src=\"https:\/\/www.turismochelva.es\/wp-content\/uploads\/2017\/08\/tour-ruta-agua-1-335x445.jpg\" class=\"attachment-getaway_qodef_gallery size-getaway_qodef_gallery\" alt=\"\" loading=\"lazy\" \/>\t\t\t\t\n\t\t\t\t<div class=\"qodef-tours-gallery-item-content-holder\">\n\t\t\t\t\t<div class=\"qodef-tours-gallery-item-content-inner\">\n\t\t\t\t\t\t<div class=\"qodef-tours-gallery-title-holder\">\n\t\t\t\t\t\t\t<h4 class=\"qodef-tour-title\">\n\t\t\t\t\t\t\t\tRuta de l&#8217;Aigua\t\t\t\t\t\t\t<\/h4>\n\t\t\t\t\t\t\t<span class=\"qodef-tours-gallery-item-price-holder\">\n\t\t\t\t\t\t\t\n\t\t<span class=\"qodef-tours-price-holder\">\n\t\t\t\t\t\t\t\t<\/span>\n\n\t\t\t\t\t\t\t\t<\/span>\n\t\t\t\t\t\t<\/div>\n\t\t\t\t\t\t\t\t\t\t\t\t\t<div class=\"qodef-tours-gallery-item-excerpt\">\n\t\t\t\t\t\t\t\t<div class=\"qodef-tours-gallery-item-excerpt-inner\">\n\t\t\t\t\t\t\t\t\tL'Aigua \u00e9s el tresor de Xelva. Al llarg del terme municipal podem gaudir de les aig\u00fces cristal\u00b7lines del riu de Xelva amb un tranquil passeig per la Ruta de l'Aigua, aix\u00ed com de nombrosos brolladors i fonts.\t\t\t\t\t\t\t\t<\/div>\n\t\t\t\t\t\t\t<\/div>\n\t\t\t\t\t\t\t\t\t\t\t<\/div>\n\t\t\t\t<\/div>\n\t\t\t<\/div>\n\t\t\t\t\t\t\t<span class=\"qodef-tours-item-label-holder\">\n\t\t\t\t\t\n\t\t<span class=\"qodef-tour-item-label-inner\">\n\t\t\t<span class=\"qodef-tour-item-label\">en fam\u00edlia<\/span>\n\t\t<\/span>\n\n\t\t\t\t\t\t<\/span>\n\t\t\t\t\t\t<a class=\"qodef-tours-gallery-item-link\" href=\"https:\/\/www.turismochelva.es\/ca\/quehacer\/ruta-de-laigua\/\"><\/a>\n\t\t<\/div>\n\t<\/div>\t\t<div class=\"qodef-tours-gallery-item qodef-tours-row-item qodef-tour-item-no-rating post-6420 tour-item type-tour-item status-publish has-post-thumbnail hentry tour-category-a-peu tour-category-familiar\">\n\t\t\t<div class=\"qodef-tours-gallery-item-image-holder\">\n\t\t\t<div class=\"qodef-tours-gallery-item-image\">\n\t\t\t\t<img width=\"335\" height=\"445\" src=\"https:\/\/www.turismochelva.es\/wp-content\/uploads\/2017\/08\/Sin-titulo-335x445.jpg\" class=\"attachment-getaway_qodef_gallery size-getaway_qodef_gallery\" alt=\"\" loading=\"lazy\" \/>\t\t\t\t\n\t\t\t\t<div class=\"qodef-tours-gallery-item-content-holder\">\n\t\t\t\t\t<div class=\"qodef-tours-gallery-item-content-inner\">\n\t\t\t\t\t\t<div class=\"qodef-tours-gallery-title-holder\">\n\t\t\t\t\t\t\t<h4 class=\"qodef-tour-title\">\n\t\t\t\t\t\t\t\tRuta de les Tres Cultures\t\t\t\t\t\t\t<\/h4>\n\t\t\t\t\t\t\t<span class=\"qodef-tours-gallery-item-price-holder\">\n\t\t\t\t\t\t\t\n\t\t<span class=\"qodef-tours-price-holder\">\n\t\t\t\t\t\t\t\t<\/span>\n\n\t\t\t\t\t\t\t\t<\/span>\n\t\t\t\t\t\t<\/div>\n\t\t\t\t\t\t\t\t\t\t\t\t\t<div class=\"qodef-tours-gallery-item-excerpt\">\n\t\t\t\t\t\t\t\t<div class=\"qodef-tours-gallery-item-excerpt-inner\">\n\t\t\t\t\t\t\t\t\tXelva, Vila de les tres Cultures, \u00e9s una ruta que pret\u00e9n donar a con\u00e9ixer la riqueza hist\u00f3rica d'aquest municipi, que conserva intacta la seua trama urbana medieval aix\u00ed com diverses joies arquitect\u00f2niques i art\u00edstiques\t\t\t\t\t\t\t\t<\/div>\n\t\t\t\t\t\t\t<\/div>\n\t\t\t\t\t\t\t\t\t\t\t<\/div>\n\t\t\t\t<\/div>\n\t\t\t<\/div>\n\t\t\t\t\t\t<a class=\"qodef-tours-gallery-item-link\" href=\"https:\/\/www.turismochelva.es\/ca\/quehacer\/ruta-de-les-tres-cultures\/\"><\/a>\n\t\t<\/div>\n\t<\/div>\t\t<div class=\"qodef-tours-gallery-item qodef-tours-row-item qodef-tour-item-no-rating post-7140 tour-item type-tour-item status-publish hentry tour-category-a-peu tour-category-familiar\">\n\t<\/div>\t\t<div class=\"qodef-tours-gallery-item qodef-tours-row-item qodef-tour-item-no-rating post-8370 tour-item type-tour-item status-publish has-post-thumbnail hentry tour-category-familiar\">\n\t\t\t<div class=\"qodef-tours-gallery-item-image-holder\">\n\t\t\t<div class=\"qodef-tours-gallery-item-image\">\n\t\t\t\t<img width=\"335\" height=\"445\" src=\"https:\/\/www.turismochelva.es\/wp-content\/uploads\/2024\/07\/cartel-pump-track_300x78-1-335x445.png\" class=\"attachment-getaway_qodef_gallery size-getaway_qodef_gallery\" alt=\"cartel pump track_300x78\" loading=\"lazy\" \/>\t\t\t\t\n\t\t\t\t<div class=\"qodef-tours-gallery-item-content-holder\">\n\t\t\t\t\t<div class=\"qodef-tours-gallery-item-content-inner\">\n\t\t\t\t\t\t<div class=\"qodef-tours-gallery-title-holder\">\n\t\t\t\t\t\t\t<h4 class=\"qodef-tour-title\">\n\t\t\t\t\t\t\t\tPUMP TRACK\t\t\t\t\t\t\t<\/h4>\n\t\t\t\t\t\t\t<span class=\"qodef-tours-gallery-item-price-holder\">\n\t\t\t\t\t\t\t\n\t\t<span class=\"qodef-tours-price-holder\">\n\t\t\t\t\t\t\t\t<\/span>\n\n\t\t\t\t\t\t\t\t<\/span>\n\t\t\t\t\t\t<\/div>\n\t\t\t\t\t\t\t\t\t\t\t\t\t<div class=\"qodef-tours-gallery-item-excerpt\">\n\t\t\t\t\t\t\t\t<div class=\"qodef-tours-gallery-item-excerpt-inner\">\n\t\t\t\t\t\t\t\t\tUn circuit situat en l'antic parc forestal, \u00e9s un tra\u00e7at perqu\u00e8 els xiquets puguen divertir-se alhora que van adquirint destresa damunt de les bicis\t\t\t\t\t\t\t\t<\/div>\n\t\t\t\t\t\t\t<\/div>\n\t\t\t\t\t\t\t\t\t\t\t<\/div>\n\t\t\t\t<\/div>\n\t\t\t<\/div>\n\t\t\t\t\t\t<a class=\"qodef-tours-gallery-item-link\" href=\"https:\/\/www.turismochelva.es\/ca\/quehacer\/pump-track\/\"><\/a>\n\t\t<\/div>\n\t<\/div>\t\t<\/div>\n\n\t\t\n\n\t\t<\/div>[\/vc_column][\/vc_row]<\/p>\n","protected":false},"excerpt":{"rendered":"<p>[vc_row full_width=&#8221;stretch_row_content&#8221; content_placement=&#8221;middle&#8221; css=&#8221;.vc_custom_1529403695622{padding-top: 60px !important;padding-bottom: 60px !important;background-color: #e0e0e0 !important;}&#8221;][vc_column][\/vc_column][\/vc_row][vc_row css=&#8221;.vc_custom_1529488926151{margin-bottom: 50px !important;}&#8221;][vc_column][\/vc_column][\/vc_row]<\/p>\n","protected":false},"author":2,"featured_media":0,"parent":0,"menu_order":0,"comment_status":"closed","ping_status":"closed","template":"","meta":[],"_links":{"self":[{"href":"https:\/\/www.turismochelva.es\/ca\/wp-json\/wp\/v2\/pages\/6734"}],"collection":[{"href":"https:\/\/www.turismochelva.es\/ca\/wp-json\/wp\/v2\/pages"}],"about":[{"href":"https:\/\/www.turismochelva.es\/ca\/wp-json\/wp\/v2\/types\/page"}],"author":[{"embeddable":true,"href":"https:\/\/www.turismochelva.es\/ca\/wp-json\/wp\/v2\/users\/2"}],"replies":[{"embeddable":true,"href":"https:\/\/www.turismochelva.es\/ca\/wp-json\/wp\/v2\/comments?post=6734"}],"version-history":[{"count":1,"href":"https:\/\/www.turismochelva.es\/ca\/wp-json\/wp\/v2\/pages\/6734\/revisions"}],"predecessor-version":[{"id":6736,"href":"https:\/\/www.turismochelva.es\/ca\/wp-json\/wp\/v2\/pages\/6734\/revisions\/6736"}],"wp:attachment":[{"href":"https:\/\/www.turismochelva.es\/ca\/wp-json\/wp\/v2\/media?parent=6734"}],"curies":[{"name":"wp","href":"https:\/\/api.w.org\/{rel}","templated":true}]}}