{"id":7732,"date":"2023-02-02T14:57:42","date_gmt":"2023-02-02T13:57:42","guid":{"rendered":"https:\/\/www.turismochelva.es\/?page_id=7732"},"modified":"2023-02-03T10:19:24","modified_gmt":"2023-02-03T09:19:24","slug":"callejero","status":"publish","type":"page","link":"https:\/\/www.turismochelva.es\/en\/callejero\/","title":{"rendered":"Callejero"},"content":{"rendered":"<p>[vc_row][vc_column width=&#8221;1\/2&#8243;][vc_column_text]<\/p>\n<h3><strong>Mapa Callejero<\/strong> del Chelva<\/h3>\n<p>Informaci\u00f3n que podr\u00e1s encontrar:<\/p>\n<ul>\n<li>Nombres de las calles del municipio<\/li>\n<li>Servicios p\u00fablicos que se encuentran en el casco urbano<\/li>\n<li>Puntos de inter\u00e9s tur\u00edstico<\/li>\n<li>Plano del casco urbano<\/li>\n<li>Zonas verdes<\/li>\n<li>Zonas deportivas y educativas<\/li>\n<\/ul>\n<p>[\/vc_column_text][\/vc_column][vc_column width=&#8221;1\/2&#8243;]<div class=\"qodef-image-gallery  qodef-ig-grid-type qodef-tiny-space  qodef-image-behavior-lightbox\">\n\t<div class=\"qodef-ig-inner qodef-outer-space qodef-ig-grid qodef-ig-two-columns\">\n\t\t\t\t\t<div class=\"qodef-ig-image qodef-item-space\">\n\t\t\t\t<div class=\"qodef-ig-image-inner\">\n\t\t\t\t\t\t\t\t\t\t\t<a itemprop=\"image\" class=\"qodef-ig-lightbox\" href=\"https:\/\/www.turismochelva.es\/wp-content\/uploads\/2023\/02\/Callejero-de-Chelva-2_page-0001.jpg\" data-rel=\"prettyPhoto[image_gallery_pretty_photo-499]\" title=\"Callejero de Chelva (2)_page-0001\">\n\t\t\t\t\t\t\t\t\t\t\t<img width=\"212\" height=\"300\" src=\"https:\/\/www.turismochelva.es\/wp-content\/uploads\/2023\/02\/Callejero-de-Chelva-2_page-0001-212x300.jpg\" class=\"attachment-medium size-medium\" alt=\"\" loading=\"lazy\" srcset=\"https:\/\/www.turismochelva.es\/wp-content\/uploads\/2023\/02\/Callejero-de-Chelva-2_page-0001-212x300.jpg 212w, https:\/\/www.turismochelva.es\/wp-content\/uploads\/2023\/02\/Callejero-de-Chelva-2_page-0001-724x1024.jpg 724w, https:\/\/www.turismochelva.es\/wp-content\/uploads\/2023\/02\/Callejero-de-Chelva-2_page-0001-768x1086.jpg 768w, https:\/\/www.turismochelva.es\/wp-content\/uploads\/2023\/02\/Callejero-de-Chelva-2_page-0001-1086x1536.jpg 1086w, https:\/\/www.turismochelva.es\/wp-content\/uploads\/2023\/02\/Callejero-de-Chelva-2_page-0001.jpg 1241w\" sizes=\"(max-width: 212px) 100vw, 212px\" \/>\t\t\t\t\t\t\t\t\t\t\t<\/a>\n\t\t\t\t\t\t\t\t\t<\/div>\n\t\t\t<\/div>\n\t\t\t<\/div>\n<\/div>[vc_column_text]<\/p>\n<h4>Descargar<strong><em><span style=\"color: #e6007e;\"><a href=\"https:\/\/www.turismochelva.es\/wp-content\/uploads\/2023\/02\/Callejero-de-Chelva-2.pdf\"> folleto\u00a0<\/a><\/span><\/em><\/strong><\/h4>\n<p>[\/vc_column_text][\/vc_column][\/vc_row]<\/p>\n","protected":false},"excerpt":{"rendered":"<p>[vc_row][vc_column width=&#8221;1\/2&#8243;][vc_column_text] Mapa Callejero del Chelva Informaci\u00f3n que podr\u00e1s encontrar: Nombres de las calles del municipio Servicios p\u00fablicos que se encuentran en el casco urbano Puntos de inter\u00e9s tur\u00edstico Plano del casco urbano Zonas verdes Zonas deportivas y educativas [\/vc_column_text][\/vc_column][vc_column [&hellip;]<\/p>\n","protected":false},"author":4,"featured_media":7749,"parent":0,"menu_order":0,"comment_status":"closed","ping_status":"closed","template":"","meta":[],"_links":{"self":[{"href":"https:\/\/www.turismochelva.es\/en\/wp-json\/wp\/v2\/pages\/7732"}],"collection":[{"href":"https:\/\/www.turismochelva.es\/en\/wp-json\/wp\/v2\/pages"}],"about":[{"href":"https:\/\/www.turismochelva.es\/en\/wp-json\/wp\/v2\/types\/page"}],"author":[{"embeddable":true,"href":"https:\/\/www.turismochelva.es\/en\/wp-json\/wp\/v2\/users\/4"}],"replies":[{"embeddable":true,"href":"https:\/\/www.turismochelva.es\/en\/wp-json\/wp\/v2\/comments?post=7732"}],"version-history":[{"count":9,"href":"https:\/\/www.turismochelva.es\/en\/wp-json\/wp\/v2\/pages\/7732\/revisions"}],"predecessor-version":[{"id":7758,"href":"https:\/\/www.turismochelva.es\/en\/wp-json\/wp\/v2\/pages\/7732\/revisions\/7758"}],"wp:featuredmedia":[{"embeddable":true,"href":"https:\/\/www.turismochelva.es\/en\/wp-json\/wp\/v2\/media\/7749"}],"wp:attachment":[{"href":"https:\/\/www.turismochelva.es\/en\/wp-json\/wp\/v2\/media?parent=7732"}],"curies":[{"name":"wp","href":"https:\/\/api.w.org\/{rel}","templated":true}]}}